{"id":372,"date":"2022-05-16T16:42:19","date_gmt":"2022-05-16T15:42:19","guid":{"rendered":"https:\/\/gp-inbound.wordifysites.com\/?page_id=372"},"modified":"2023-07-10T16:17:08","modified_gmt":"2023-07-10T14:17:08","slug":"services","status":"publish","type":"page","link":"https:\/\/cw-edv.de\/?page_id=372","title":{"rendered":"Leistungen"},"content":{"rendered":"<section class=\"gb-container gb-container-191114f9\">\n<div class=\"gb-container gb-container-dfac1555\">\n\n<h4 class=\"wp-block-heading\"><strong>Alles aus einer Hand<\/strong>: Beratung, Service, Support<\/h4>\n\n\n\n<p>Im Firmenkundengesch\u00e4ft geht es um weit mehr als die reine Lieferung der Hardware. Bei uns erhalten Sie nicht nur Produkte, sondern auch eine umfassende Beratung, um ma\u00dfgeschneiderte IT-L\u00f6sungen f\u00fcr Ihr Unternehmen zu finden. Mit unserem fundierten Fachwissen und unserer Erfahrung k\u00f6nnen wir Sie nicht nur vor potenziellen Ausf\u00e4llen bewahren, sondern auch rechtzeitig handeln, um Probleme zu vermeiden.<\/p>\n\n\n\n<p>Ihre Zufriedenheit und Sicherheit in IT-Angelegenheiten stehen f\u00fcr uns an erster Stelle. Unser Ziel ist es, Ihnen ein gutes Gef\u00fchl zu geben, damit Sie sich voll und ganz auf Ihr Tagesgesch\u00e4ft konzentrieren k\u00f6nnen, ohne sich mit technischen Belangen herumschlagen zu m\u00fcssen.<\/p>\n\n\n\n<p>Verlassen Sie sich auf unsere professionelle Beratung um die richtigen L\u00f6sungen f\u00fcr Ihre individuellen Anforderungen zu finden. Mit uns an Ihrer Seite k\u00f6nnen Sie sicher sein, dass Ihre IT-Infrastruktur effizient l\u00e4uft und Sie sich auf das Wachstum Ihres Unternehmens konzentrieren k\u00f6nnen. Lassen Sie uns gemeinsam eine starke und zuverl\u00e4ssige IT-Grundlage f\u00fcr Ihren Erfolg schaffen.<\/p>\n\n<\/div>\n\n<div class=\"gb-container gb-container-49e56edb\">\n\n<figure class=\"gb-block-image gb-block-image-ad6d2ba8\"><img loading=\"lazy\" decoding=\"async\" width=\"1920\" height=\"829\" class=\"gb-image gb-image-ad6d2ba8\" src=\"https:\/\/cw-edv.de\/wp-content\/uploads\/2023\/07\/businessman.jpg\" alt=\"\" title=\"businessman\" srcset=\"https:\/\/cw-edv.de\/wp-content\/uploads\/2023\/07\/businessman.jpg 1920w, https:\/\/cw-edv.de\/wp-content\/uploads\/2023\/07\/businessman-300x130.jpg 300w, https:\/\/cw-edv.de\/wp-content\/uploads\/2023\/07\/businessman-1024x442.jpg 1024w, https:\/\/cw-edv.de\/wp-content\/uploads\/2023\/07\/businessman-768x332.jpg 768w, https:\/\/cw-edv.de\/wp-content\/uploads\/2023\/07\/businessman-1536x663.jpg 1536w\" sizes=\"auto, (max-width: 1920px) 100vw, 1920px\" \/><\/figure>\n\n<\/div>\n<\/section>\n\n<section class=\"gb-container gb-container-a3a4d599\">\n<div class=\"gb-container gb-container-7b29a31e\">\n\n<h2 class=\"gb-headline gb-headline-ae368e73 gb-headline-text\">Unsere Dienstleistungen<\/h2>\n\n\n\n<p class=\"gb-headline gb-headline-16ec3629 gb-headline-text\">Hier finden Sie einen Ausschnitt unserer Dienstleistungen:<\/p>\n\n\n<div class=\"gb-grid-wrapper gb-grid-wrapper-592eeefe\">\n<div class=\"gb-grid-column gb-grid-column-34e6f9a7\"><div class=\"gb-container gb-container-34e6f9a7 box-shadow\">\n\n<h3 class=\"gb-headline gb-headline-0742c2f5\"><span class=\"gb-icon\"><svg aria-hidden=\"true\" role=\"img\" height=\"1em\" width=\"1em\" viewBox=\"0 0 512 512\" xmlns=\"http:\/\/www.w3.org\/2000\/svg\"><path fill=\"currentColor\" d=\"M173.898 439.404l-166.4-166.4c-9.997-9.997-9.997-26.206 0-36.204l36.203-36.204c9.997-9.998 26.207-9.998 36.204 0L192 312.69 432.095 72.596c9.997-9.997 26.207-9.997 36.204 0l36.203 36.204c9.997 9.997 9.997 26.206 0 36.204l-294.4 294.401c-9.998 9.997-26.207 9.997-36.204-.001z\"><\/path><\/svg><\/span><span class=\"gb-headline-text\">IT-Infrastruktur<\/span><\/h3>\n\n\n\n<p class=\"gb-headline gb-headline-2d5231ba gb-headline-text\">Die IT-Infrastruktur umfasst das Gesamtsystem aus Hard- und Software, Netzwerken, Servern und Speicherl\u00f6sungen, das Unternehmen f\u00fcr digitale Arbeit ben\u00f6tigen.<\/p>\n\n<div class=\"gb-shapes\"><div class=\"gb-shape gb-shape-1\"><svg xmlns=\"http:\/\/www.w3.org\/2000\/svg\" viewBox=\"0 0 1200 50\" preserveAspectRatio=\"none\"><path d=\"M1200 0v50H0V0h560l40 30 40-30z\"\/><\/svg><\/div><\/div><\/div><\/div>\n\n<div class=\"gb-grid-column gb-grid-column-1d2addb4\"><div class=\"gb-container gb-container-1d2addb4 box-shadow\">\n\n<h3 class=\"gb-headline gb-headline-29d04299\"><span class=\"gb-icon\"><svg aria-hidden=\"true\" role=\"img\" height=\"1em\" width=\"1em\" viewBox=\"0 0 512 512\" xmlns=\"http:\/\/www.w3.org\/2000\/svg\"><path fill=\"currentColor\" d=\"M173.898 439.404l-166.4-166.4c-9.997-9.997-9.997-26.206 0-36.204l36.203-36.204c9.997-9.998 26.207-9.998 36.204 0L192 312.69 432.095 72.596c9.997-9.997 26.207-9.997 36.204 0l36.203 36.204c9.997 9.997 9.997 26.206 0 36.204l-294.4 294.401c-9.998 9.997-26.207 9.997-36.204-.001z\"><\/path><\/svg><\/span><span class=\"gb-headline-text\">Beratung<\/span><\/h3>\n\n\n\n<p class=\"gb-headline gb-headline-8af5755b gb-headline-text\">Wir unterst\u00fctzen Unternehmen dabei, ihre IT-Strategie zu entwickeln, optimale L\u00f6sungen zu finden und technische Probleme zu l\u00f6sen, um ihre Gesch\u00e4ftsziele effektiv zu erreichen.<\/p>\n\n<div class=\"gb-shapes\"><div class=\"gb-shape gb-shape-1\"><svg xmlns=\"http:\/\/www.w3.org\/2000\/svg\" viewBox=\"0 0 1200 50\" preserveAspectRatio=\"none\"><path d=\"M1200 0v50H0V0h560l40 30 40-30z\"\/><\/svg><\/div><\/div><\/div><\/div>\n\n<div class=\"gb-grid-column gb-grid-column-14063dd6\"><div class=\"gb-container gb-container-14063dd6 box-shadow\">\n\n<h3 class=\"gb-headline gb-headline-d2b3189c\"><span class=\"gb-icon\"><svg aria-hidden=\"true\" role=\"img\" height=\"1em\" width=\"1em\" viewBox=\"0 0 512 512\" xmlns=\"http:\/\/www.w3.org\/2000\/svg\"><path fill=\"currentColor\" d=\"M173.898 439.404l-166.4-166.4c-9.997-9.997-9.997-26.206 0-36.204l36.203-36.204c9.997-9.998 26.207-9.998 36.204 0L192 312.69 432.095 72.596c9.997-9.997 26.207-9.997 36.204 0l36.203 36.204c9.997 9.997 9.997 26.206 0 36.204l-294.4 294.401c-9.998 9.997-26.207 9.997-36.204-.001z\"><\/path><\/svg><\/span><span class=\"gb-headline-text\">Netzwerk<\/span><\/h3>\n\n\n\n<p class=\"gb-headline gb-headline-ea293377 gb-headline-text\">Ein IT-Netzwerk ist die Grundlage und umfasst u.a. drahtlose WLAN-Verbindungen, kabelgebundene LAN-Verbindungen, Glasfaserkabel f\u00fcr hohe Bandbreiten und Richtfunkverbindungen zur drahtlosen Daten\u00fcbertragung \u00fcber gr\u00f6\u00dfere Entfernungen.<\/p>\n\n<div class=\"gb-shapes\"><div class=\"gb-shape gb-shape-1\"><svg xmlns=\"http:\/\/www.w3.org\/2000\/svg\" viewBox=\"0 0 1200 50\" preserveAspectRatio=\"none\"><path d=\"M1200 0v50H0V0h560l40 30 40-30z\"\/><\/svg><\/div><\/div><\/div><\/div>\n\n<div class=\"gb-grid-column gb-grid-column-8166a317\"><div class=\"gb-container gb-container-8166a317 box-shadow\">\n\n<h3 class=\"gb-headline gb-headline-811d0c38\"><span class=\"gb-icon\"><svg aria-hidden=\"true\" role=\"img\" height=\"1em\" width=\"1em\" viewBox=\"0 0 512 512\" xmlns=\"http:\/\/www.w3.org\/2000\/svg\"><path fill=\"currentColor\" d=\"M173.898 439.404l-166.4-166.4c-9.997-9.997-9.997-26.206 0-36.204l36.203-36.204c9.997-9.998 26.207-9.998 36.204 0L192 312.69 432.095 72.596c9.997-9.997 26.207-9.997 36.204 0l36.203 36.204c9.997 9.997 9.997 26.206 0 36.204l-294.4 294.401c-9.998 9.997-26.207 9.997-36.204-.001z\"><\/path><\/svg><\/span><span class=\"gb-headline-text\">Sicherheit<\/span><\/h3>\n\n\n\n<p class=\"gb-headline gb-headline-6e354869 gb-headline-text\">Zum Gesamtkonzept der IT geh\u00f6ren Ma\u00dfnahmen wie Hardware-Firewalls, Spam-Abwehr, Malwareschutz uvm. um Netzwerke und Systeme vor unbefugtem Zugriff, Datenverlust oder Schadsoftware zu sch\u00fctzen.<\/p>\n\n<div class=\"gb-shapes\"><div class=\"gb-shape gb-shape-1\"><svg xmlns=\"http:\/\/www.w3.org\/2000\/svg\" viewBox=\"0 0 1200 50\" preserveAspectRatio=\"none\"><path d=\"M640 30L600 0l-40 30H0v20h1200V30z\"\/><\/svg><\/div><\/div><\/div><\/div>\n\n<div class=\"gb-grid-column gb-grid-column-02bfc6be\"><div class=\"gb-container gb-container-02bfc6be box-shadow\">\n\n<h3 class=\"gb-headline gb-headline-b5b97e85\"><span class=\"gb-icon\"><svg aria-hidden=\"true\" role=\"img\" height=\"1em\" width=\"1em\" viewBox=\"0 0 512 512\" xmlns=\"http:\/\/www.w3.org\/2000\/svg\"><path fill=\"currentColor\" d=\"M173.898 439.404l-166.4-166.4c-9.997-9.997-9.997-26.206 0-36.204l36.203-36.204c9.997-9.998 26.207-9.998 36.204 0L192 312.69 432.095 72.596c9.997-9.997 26.207-9.997 36.204 0l36.203 36.204c9.997 9.997 9.997 26.206 0 36.204l-294.4 294.401c-9.998 9.997-26.207 9.997-36.204-.001z\"><\/path><\/svg><\/span><span class=\"gb-headline-text\">Server- und Client-L\u00f6sungen<\/span><\/h3>\n\n\n\n<p class=\"gb-headline gb-headline-0997025e gb-headline-text\">Server-Client-L\u00f6sungen erm\u00f6glichen es Unternehmen, Daten, Ressourcen und Anwendungen zentral auf einem Server zu speichern und von verschiedenen Endger\u00e4ten (Clients) darauf zuzugreifen und sie gemeinsam zu nutzen.<\/p>\n\n<div class=\"gb-shapes\"><div class=\"gb-shape gb-shape-1\"><svg xmlns=\"http:\/\/www.w3.org\/2000\/svg\" viewBox=\"0 0 1200 50\" preserveAspectRatio=\"none\"><path d=\"M640 30L600 0l-40 30H0v20h1200V30z\"\/><\/svg><\/div><\/div><\/div><\/div>\n\n<div class=\"gb-grid-column gb-grid-column-e3335b1f\"><div class=\"gb-container gb-container-e3335b1f box-shadow\">\n\n<h3 class=\"gb-headline gb-headline-c35ce735\"><span class=\"gb-icon\"><svg aria-hidden=\"true\" role=\"img\" height=\"1em\" width=\"1em\" viewBox=\"0 0 512 512\" xmlns=\"http:\/\/www.w3.org\/2000\/svg\"><path fill=\"currentColor\" d=\"M173.898 439.404l-166.4-166.4c-9.997-9.997-9.997-26.206 0-36.204l36.203-36.204c9.997-9.998 26.207-9.998 36.204 0L192 312.69 432.095 72.596c9.997-9.997 26.207-9.997 36.204 0l36.203 36.204c9.997 9.997 9.997 26.206 0 36.204l-294.4 294.401c-9.998 9.997-26.207 9.997-36.204-.001z\"><\/path><\/svg><\/span><span class=\"gb-headline-text\">Cloud-Hosting<\/span><\/h3>\n\n\n\n<p class=\"gb-headline gb-headline-b5a9cc58 gb-headline-text\">Cloud-Hosting erm\u00f6glicht es Unternehmen, ihre Anwendungen, Daten und Ressourcen in einer virtuellen Umgebung zu speichern und auf diese zuzugreifen, ohne physische Server oder Infrastruktur verwalten zu m\u00fcssen.<\/p>\n\n<div class=\"gb-shapes\"><div class=\"gb-shape gb-shape-1\"><svg xmlns=\"http:\/\/www.w3.org\/2000\/svg\" viewBox=\"0 0 1200 50\" preserveAspectRatio=\"none\"><path d=\"M640 30L600 0l-40 30H0v20h1200V30z\"\/><\/svg><\/div><\/div><\/div><\/div>\n<\/div>\n<\/div>\n<\/section>\n\n<div class=\"gb-container gb-container-ef8bdc69\">\n<style id=\"sp_lcp_dynamic_css1823\">div#logo-carousel-free-1823.logo-carousel-free .sp-lc-logo{border: 0px none #dddddd;border-radius: 0px;overflow: hidden;}div#logo-carousel-free-1823.logo-carousel-free .sp-lc-logo:hover{border-color: #16a08b;}#logo-carousel-free-1823.sp-lc-container .sp-lc-pagination .swiper-pagination-bullet {background-color: #dddddd;margin: 0 4px;}#logo-carousel-free-1823.sp-lc-container .sp-lc-pagination .swiper-pagination-bullet.swiper-pagination-bullet-active{background-color: #16a08b; }@media only screen and (max-width: 576px) {#logo-carousel-free-1823.sp-lc-container .sp-lc-button-prev,#logo-carousel-free-1823.sp-lc-container .sp-lc-button-next {display: none;}} .logo-carousel-free-area#logo-carousel-free-1823{position: relative;}#lcp-preloader-1823{position: absolute;left: 0;top: 0;height: 100%;width: 100%;text-align: center;display: flex;align-items: center;justify-content: center;background: #fff;z-index: 9999;} .logo-carousel-free-area#logo-carousel-free-1823 .sp-logo-carousel-section-title{margin-bottom: 30px;}#logo-carousel-free-1823 .sp-lc-grid-container { justify-content: left; align-items: center; } #logo-carousel-free-1823 .swiper-wrapper .swiper-slide { align-self: center; }#logo-carousel-free-1823 .sp-lc-grid-container {margin-left: -6px;margin-right: -6px;width: calc( 100% + 12px);}#logo-carousel-free-1823 .sp-lc-grid-container [class*=\"lc-col\"] {padding-left: 6px;padding-right: 6px;padding-bottom: 12px;}@media screen and (min-width: 1200px ){.logo-carousel-free-area#logo-carousel-free-1823 .sp-logo-carousel:not([class*=\"-initialized\"]) > .swiper-wrapper {display: flex;width: calc( 100% + 12px );}.logo-carousel-free-area#logo-carousel-free-1823 .sp-logo-carousel:not([class*=\"-initialized\"]) > .swiper-wrapper > .swiper-slide {width: 20%;padding-right: 12px;}}<\/style>\n<div id='logo-carousel-free-1823' class=\"logo-carousel-free logo-carousel-free-area sp-lc-container\">\n\t\t\t<div id=\"lcp-preloader-1823\" class=\"sp-logo-carousel-preloader\"><img decoding=\"async\" src=\"https:\/\/cw-edv.de\/wp-content\/plugins\/logo-carousel-free\/admin\/assets\/images\/spinner.svg\" class=\"skip-lazy\" alt=\"Loader Image\"\/><\/div>\n\t\t\t<div id=\"sp-logo-carousel-id-1823\" class=\"swiper-container sp-logo-carousel  lcp-preloader\" dir=\"ltr\" data-carousel='{ \"speed\":600,\"spaceBetween\": 12, \"autoplay\": true, \"infinite\":true, \"autoplay_speed\": 2000, \"stop_onHover\": true, \"pagination\": true, \"navigation\": false, \"MobileNav\": false, \"MobilePagi\": true, \"simulateTouch\": true,\"freeMode\": false,\"swipeToSlide\": false, \"carousel_accessibility\": true,\"adaptiveHeight\": false,\"allowTouchMove\": true, \"slidesPerView\": { \"lg_desktop\": 5, \"desktop\": 4, \"tablet\": 3, \"mobile\": 1, \"mobile_landscape\": 2 } }' data-carousel-starts-onscreen=\"false\">\n\t\t<div class=\"swiper-wrapper\">\n\t\t\t\t<div class=\"swiper-slide\"><div class=\"sp-lc-logo\"><img loading=\"lazy\" decoding=\"async\" src=\"https:\/\/cw-edv.de\/wp-content\/uploads\/2024\/08\/easybell-Partnerlogo_web.png\" title=\"\" alt=\"easybell GmbH\" width=\"200\" height=\"90\" class=\"sp-lc-image\"><\/div><\/div>\n\t\t<div class=\"swiper-slide\"><div class=\"sp-lc-logo\"><img loading=\"lazy\" decoding=\"async\" src=\"https:\/\/cw-edv.de\/wp-content\/uploads\/2023\/07\/Siegel-gold-768x282.png\" title=\"\" alt=\"PLACETEL\" width=\"768\" height=\"282\" class=\"sp-lc-image\"><\/div><\/div>\n\t\t<div class=\"swiper-slide\"><div class=\"sp-lc-logo\"><img loading=\"lazy\" decoding=\"async\" src=\"https:\/\/cw-edv.de\/wp-content\/uploads\/2023\/07\/snom_partner_silver_1.png__1280x720_subsampling-2-e1688917651980.png\" title=\"\" alt=\"snom technology AG\" width=\"150\" height=\"150\" class=\"sp-lc-image\"><\/div><\/div>\n\t\t<div class=\"swiper-slide\"><div class=\"sp-lc-logo\"><img loading=\"lazy\" decoding=\"async\" src=\"https:\/\/cw-edv.de\/wp-content\/uploads\/2023\/07\/TERRA-CLOUD_Logo_lila-e1688917603851.png\" title=\"\" alt=\"terra CLOUD\" width=\"106\" height=\"150\" class=\"sp-lc-image\"><\/div><\/div>\n\t\t<div class=\"swiper-slide\"><div class=\"sp-lc-logo\"><img loading=\"lazy\" decoding=\"async\" src=\"https:\/\/cw-edv.de\/wp-content\/uploads\/2023\/07\/G_DATA_CyberDefense_Logo_2C-768x269.png\" title=\"\" alt=\"G DATA CyberDefense AG\" width=\"768\" height=\"269\" class=\"sp-lc-image\"><\/div><\/div>\n\t\t<div class=\"swiper-slide\"><div class=\"sp-lc-logo\"><img loading=\"lazy\" decoding=\"async\" src=\"https:\/\/cw-edv.de\/wp-content\/uploads\/2023\/07\/HS_Logo_black_3c_RZ-768x380.png\" title=\"\" alt=\"Hornetsecurity\" width=\"768\" height=\"380\" class=\"sp-lc-image\"><\/div><\/div>\n\t\t<div class=\"swiper-slide\"><div class=\"sp-lc-logo\"><img loading=\"lazy\" decoding=\"async\" src=\"https:\/\/cw-edv.de\/wp-content\/uploads\/2023\/07\/WORTMANN-AG-unterzeile-rechts-schwarz-e1688917620186-768x114.png\" title=\"\" alt=\"WORTMANN AG\" width=\"768\" height=\"114\" class=\"sp-lc-image\"><\/div><\/div>\n\t\t<div class=\"swiper-slide\"><div class=\"sp-lc-logo\"><img loading=\"lazy\" decoding=\"async\" src=\"https:\/\/cw-edv.de\/wp-content\/uploads\/2023\/07\/securepoint-logo-768x51.png\" title=\"\" alt=\"Securepoint\" width=\"768\" height=\"51\" class=\"sp-lc-image\"><\/div><\/div>\n\t\t\t<\/div>\n\n\t\t\t\t\t<div class=\"sp-lc-pagination swiper-pagination dots\"><\/div>\n\t\t\t\t<\/div>\n<\/div>\n\n\n<\/div>","protected":false},"excerpt":{"rendered":"<p>Alles aus einer Hand: Beratung, Service, Support Im Firmenkundengesch\u00e4ft geht es um weit mehr als die reine Lieferung der Hardware. Bei uns erhalten Sie nicht nur Produkte, sondern auch eine umfassende Beratung, um ma\u00dfgeschneiderte IT-L\u00f6sungen f\u00fcr Ihr Unternehmen zu finden. Mit unserem fundierten Fachwissen und unserer Erfahrung k\u00f6nnen wir Sie nicht nur vor potenziellen Ausf\u00e4llen &#8230; <a title=\"Securepoint\" class=\"read-more\" href=\"https:\/\/cw-edv.de\/?post_type=sp_logo_carousel&#038;p=1814\" aria-label=\"Mehr Informationen \u00fcber Securepoint\">Weiterlesen<\/a><\/p>\n","protected":false},"author":1,"featured_media":0,"parent":0,"menu_order":0,"comment_status":"closed","ping_status":"closed","template":"","meta":{"footnotes":""},"class_list":["post-372","page","type-page","status-publish","hentry"],"_links":{"self":[{"href":"https:\/\/cw-edv.de\/index.php?rest_route=\/wp\/v2\/pages\/372","targetHints":{"allow":["GET"]}}],"collection":[{"href":"https:\/\/cw-edv.de\/index.php?rest_route=\/wp\/v2\/pages"}],"about":[{"href":"https:\/\/cw-edv.de\/index.php?rest_route=\/wp\/v2\/types\/page"}],"author":[{"embeddable":true,"href":"https:\/\/cw-edv.de\/index.php?rest_route=\/wp\/v2\/users\/1"}],"replies":[{"embeddable":true,"href":"https:\/\/cw-edv.de\/index.php?rest_route=%2Fwp%2Fv2%2Fcomments&post=372"}],"version-history":[{"count":53,"href":"https:\/\/cw-edv.de\/index.php?rest_route=\/wp\/v2\/pages\/372\/revisions"}],"predecessor-version":[{"id":2128,"href":"https:\/\/cw-edv.de\/index.php?rest_route=\/wp\/v2\/pages\/372\/revisions\/2128"}],"wp:attachment":[{"href":"https:\/\/cw-edv.de\/index.php?rest_route=%2Fwp%2Fv2%2Fmedia&parent=372"}],"curies":[{"name":"wp","href":"https:\/\/api.w.org\/{rel}","templated":true}]}}