{"id":78,"date":"2022-05-10T20:33:06","date_gmt":"2022-05-10T19:33:06","guid":{"rendered":"https:\/\/gp-inbound.wordifysites.com\/?page_id=78"},"modified":"2023-07-10T13:41:23","modified_gmt":"2023-07-10T11:41:23","slug":"about-us","status":"publish","type":"page","link":"https:\/\/cw-edv.de\/?page_id=78","title":{"rendered":"C &#038;W EDV GbR"},"content":{"rendered":"<section class=\"gb-container gb-container-8cf8b04f\">\n<div class=\"gb-container gb-container-dfac1555\">\n\n<h2 class=\"gb-headline gb-headline-608020c5 gb-headline-text\">Ihr Partner rund um die IT<\/h2>\n\n\n\n<p>Wir sind ein bestrebtes regionales IT-Unternehmen, das seit 2008 Privat- und Gesch\u00e4ftskunden in allen Fragen rund um die IT und Kommunikation ber\u00e4t und betreut.<\/p>\n\n\n\n<a class=\"gb-button gb-button-89f0d3fe gb-button-text\" href=\"https:\/\/cw-edv.de\/?page_id=372\">DienstLeistungen<\/a>\n\n<\/div>\n\n<div class=\"gb-container gb-container-49e56edb\">\n\n<figure class=\"gb-block-image gb-block-image-ad6d2ba8\"><img loading=\"lazy\" decoding=\"async\" width=\"1920\" height=\"1310\" class=\"gb-image gb-image-ad6d2ba8\" src=\"https:\/\/cw-edv.de\/wp-content\/uploads\/2023\/07\/people.jpg\" alt=\"\" title=\"people\" srcset=\"https:\/\/cw-edv.de\/wp-content\/uploads\/2023\/07\/people.jpg 1920w, https:\/\/cw-edv.de\/wp-content\/uploads\/2023\/07\/people-300x205.jpg 300w, https:\/\/cw-edv.de\/wp-content\/uploads\/2023\/07\/people-1024x699.jpg 1024w, https:\/\/cw-edv.de\/wp-content\/uploads\/2023\/07\/people-768x524.jpg 768w, https:\/\/cw-edv.de\/wp-content\/uploads\/2023\/07\/people-1536x1048.jpg 1536w\" sizes=\"auto, (max-width: 1920px) 100vw, 1920px\" \/><\/figure>\n\n<\/div>\n<\/section>\n\n<section class=\"gb-container gb-container-e4cc5e2c\">\n<div class=\"gb-container gb-container-3ceba49d\">\n<div class=\"gb-container gb-container-c05d1bd2\">\n\n<figure class=\"gb-block-image gb-block-image-9a756fbb\"><img loading=\"lazy\" decoding=\"async\" width=\"1920\" height=\"1267\" class=\"gb-image gb-image-9a756fbb\" src=\"https:\/\/cw-edv.de\/wp-content\/uploads\/2023\/07\/finance.jpg\" alt=\"\" title=\"finance\" srcset=\"https:\/\/cw-edv.de\/wp-content\/uploads\/2023\/07\/finance.jpg 1920w, https:\/\/cw-edv.de\/wp-content\/uploads\/2023\/07\/finance-300x198.jpg 300w, https:\/\/cw-edv.de\/wp-content\/uploads\/2023\/07\/finance-1024x676.jpg 1024w, https:\/\/cw-edv.de\/wp-content\/uploads\/2023\/07\/finance-768x507.jpg 768w, https:\/\/cw-edv.de\/wp-content\/uploads\/2023\/07\/finance-1536x1014.jpg 1536w\" sizes=\"auto, (max-width: 1920px) 100vw, 1920px\" \/><\/figure>\n\n\n\n<figure class=\"gb-block-image gb-block-image-83768c88\"><img loading=\"lazy\" decoding=\"async\" width=\"1920\" height=\"960\" class=\"gb-image gb-image-83768c88\" src=\"https:\/\/cw-edv.de\/wp-content\/uploads\/2023\/07\/idea.png\" alt=\"\" title=\"idea\" srcset=\"https:\/\/cw-edv.de\/wp-content\/uploads\/2023\/07\/idea.png 1920w, https:\/\/cw-edv.de\/wp-content\/uploads\/2023\/07\/idea-300x150.png 300w, https:\/\/cw-edv.de\/wp-content\/uploads\/2023\/07\/idea-1024x512.png 1024w, https:\/\/cw-edv.de\/wp-content\/uploads\/2023\/07\/idea-768x384.png 768w, https:\/\/cw-edv.de\/wp-content\/uploads\/2023\/07\/idea-1536x768.png 1536w\" sizes=\"auto, (max-width: 1920px) 100vw, 1920px\" \/><\/figure>\n\n<\/div>\n\n<div class=\"gb-container gb-container-e687e67e\">\n<div class=\"gb-container gb-container-a5cd3e1d\">\n\n<h2 class=\"gb-headline gb-headline-c10d1bd9 gb-headline-text\">\u00dcber uns<\/h2>\n\n\n\n<p>Die Firma C &amp; W EDV GbR, gegr\u00fcndet im Jahr 2008 von Daniel Corell und Mike Weber \u00fcbernimmt f\u00fcr Sie die Betreuung Ihrer IT-Infrastruktur in Grebenau und Umgebung. Wir legen unseren Fokus auf die individuellen Bed\u00fcrfnisse des unternehmerischen Umfelds und bieten ma\u00dfgeschneiderte Konzepte.<\/p>\n\n\n\n<p>Unser Portfolio umfasst eine Vielzahl von Dienstleistungen, darunter Beratung, Verkauf und Lieferung von Hard- und Software sowie die Planung und Umsetzung Ihrer Netzwerkinfrastruktur.<\/p>\n\n<\/div>\n\n<div class=\"gb-container gb-container-771381bb\">\n\n<h2 class=\"gb-headline gb-headline-de34f0f1 gb-headline-text\">Unser Anspruch<\/h2>\n\n\n\n<p>Wir legen besonderen Wert auf Ihre Datensicherheit, da Ihre Daten von unsch\u00e4tzbarem Wert sind. In der heutigen Zeit hat die Bedrohung aus dem Internet drastisch zugenommen, mit immer professionelleren Betrugsversuchen und der zunehmenden Pr\u00e4valenz von Verschl\u00fcsselungstrojanern. Um Sie vor totalem Ausfall und damit verbundenem Datenverlust zu sch\u00fctzen, setzen wir auf geeignete Schutzma\u00dfnahmen wie die Implementierung einer hochwertigen Firewall, die Installation leistungsstarker Antivirenprogramme und regelm\u00e4\u00dfige Datensicherungen. Auf diese Weise gew\u00e4hrleisten wir den Schutz Ihrer Daten.<\/p>\n\n<\/div>\n<\/div>\n<\/div>\n<\/section>","protected":false},"excerpt":{"rendered":"<p>Ihr Partner rund um die IT Wir sind ein bestrebtes regionales IT-Unternehmen, das seit 2008 Privat- und Gesch\u00e4ftskunden in allen Fragen rund um die IT und Kommunikation ber\u00e4t und betreut. \u00dcber uns Die Firma C &amp; W EDV GbR, gegr\u00fcndet im Jahr 2008 von Daniel Corell und Mike Weber \u00fcbernimmt f\u00fcr Sie die Betreuung Ihrer &#8230; <a title=\"C &#038;W EDV GbR\" class=\"read-more\" href=\"https:\/\/cw-edv.de\/?page_id=78\" aria-label=\"Mehr Informationen \u00fcber C &#038;W EDV GbR\">Weiterlesen<\/a><\/p>\n","protected":false},"author":1,"featured_media":0,"parent":0,"menu_order":0,"comment_status":"closed","ping_status":"closed","template":"","meta":{"footnotes":""},"class_list":["post-78","page","type-page","status-publish"],"_links":{"self":[{"href":"https:\/\/cw-edv.de\/index.php?rest_route=\/wp\/v2\/pages\/78","targetHints":{"allow":["GET"]}}],"collection":[{"href":"https:\/\/cw-edv.de\/index.php?rest_route=\/wp\/v2\/pages"}],"about":[{"href":"https:\/\/cw-edv.de\/index.php?rest_route=\/wp\/v2\/types\/page"}],"author":[{"embeddable":true,"href":"https:\/\/cw-edv.de\/index.php?rest_route=\/wp\/v2\/users\/1"}],"replies":[{"embeddable":true,"href":"https:\/\/cw-edv.de\/index.php?rest_route=%2Fwp%2Fv2%2Fcomments&post=78"}],"version-history":[{"count":16,"href":"https:\/\/cw-edv.de\/index.php?rest_route=\/wp\/v2\/pages\/78\/revisions"}],"predecessor-version":[{"id":2117,"href":"https:\/\/cw-edv.de\/index.php?rest_route=\/wp\/v2\/pages\/78\/revisions\/2117"}],"wp:attachment":[{"href":"https:\/\/cw-edv.de\/index.php?rest_route=%2Fwp%2Fv2%2Fmedia&parent=78"}],"curies":[{"name":"wp","href":"https:\/\/api.w.org\/{rel}","templated":true}]}}